{"id":275,"date":"2014-11-29T14:17:08","date_gmt":"2014-11-29T13:17:08","guid":{"rendered":"http:\/\/www.alpesprestige.com\/?page_id=275"},"modified":"2025-07-28T10:16:48","modified_gmt":"2025-07-28T09:16:48","slug":"legal-notices","status":"publish","type":"page","link":"https:\/\/www.alpesprestige.com\/en\/legal-notices\/","title":{"rendered":"Legal Notices"},"content":{"rendered":"<div id='full_slider_1'  class='avia-fullwidth-slider main_color avia-shadow   avia-builder-el-0  el_before_av_one_full  avia-builder-el-first   container_wrap fullsize'  ><div  class='avia-slideshow av-q9oyr-82dd07259e292c54b651cf8d3009f18d avia-slideshow-no scaling av_slideshow_full avia-slide-slider av-slideshow-ui av-control-default av-slideshow-manual av-loop-once av-loop-manual-endless av-default-height-applied   avia-slideshow-1' data-slideshow-options=\"{&quot;animation&quot;:&quot;slide&quot;,&quot;autoplay&quot;:false,&quot;loop_autoplay&quot;:&quot;once&quot;,&quot;interval&quot;:5,&quot;loop_manual&quot;:&quot;manual-endless&quot;,&quot;autoplay_stopper&quot;:false,&quot;noNavigation&quot;:false,&quot;bg_slider&quot;:false,&quot;keep_padding&quot;:false,&quot;hoverpause&quot;:false,&quot;show_slide_delay&quot;:0}\"  itemprop=\"image\" itemscope=\"itemscope\" itemtype=\"https:\/\/schema.org\/ImageObject\" ><ul class='avia-slideshow-inner ' style='padding-bottom: 30.944444444444%;'><li  class='avia-slideshow-slide av-q9oyr-82dd07259e292c54b651cf8d3009f18d__0  av-single-slide slide-1 slide-odd'><div data-rel='slideshow-1' class='avia-slide-wrap '   ><img decoding=\"async\" fetchpriority=\"high\" class=\"wp-image-471 avia-img-lazy-loading-not-471\"  src=\"https:\/\/www.alpesprestige.com\/wp-content\/uploads\/2014\/10\/Drus-mentions-legales.jpg\" width=\"1800\" height=\"557\" title='Drus-mentions-legales' alt=''  itemprop=\"thumbnailUrl\" srcset=\"https:\/\/www.alpesprestige.com\/wp-content\/uploads\/2014\/10\/Drus-mentions-legales.jpg 1800w, https:\/\/www.alpesprestige.com\/wp-content\/uploads\/2014\/10\/Drus-mentions-legales-300x92.jpg 300w, https:\/\/www.alpesprestige.com\/wp-content\/uploads\/2014\/10\/Drus-mentions-legales-1030x318.jpg 1030w, https:\/\/www.alpesprestige.com\/wp-content\/uploads\/2014\/10\/Drus-mentions-legales-1500x464.jpg 1500w, https:\/\/www.alpesprestige.com\/wp-content\/uploads\/2014\/10\/Drus-mentions-legales-705x218.jpg 705w, https:\/\/www.alpesprestige.com\/wp-content\/uploads\/2014\/10\/Drus-mentions-legales-450x139.jpg 450w\" sizes=\"(max-width: 1800px) 100vw, 1800px\" \/><\/div><\/li><\/ul><\/div><\/div><div id='after_full_slider_1'  class='main_color av_default_container_wrap container_wrap fullsize'  ><div class='container av-section-cont-open' ><div class='template-page content  av-content-full alpha units'><div class='post-entry post-entry-type-page post-entry-275'><div class='entry-content-wrapper clearfix'>\n<div  class='flex_column av-ffvsb-99cc092de4a6fce41d1344bde2cac6bf av_one_full  avia-builder-el-1  el_after_av_slideshow_full  avia-builder-el-no-sibling  first flex_column_div  '     ><p>\n<style type=\"text\/css\" data-created_by=\"avia_inline_auto\" id=\"style-css-av-7ocij-05828a6c5fdb88d9de118fa15a630264\">\n#top .av-special-heading.av-7ocij-05828a6c5fdb88d9de118fa15a630264{\npadding-bottom:10px;\nfont-size:35px;\n}\nbody .av-special-heading.av-7ocij-05828a6c5fdb88d9de118fa15a630264 .av-special-heading-tag .heading-char{\nfont-size:25px;\n}\n#top #wrap_all .av-special-heading.av-7ocij-05828a6c5fdb88d9de118fa15a630264 .av-special-heading-tag{\nfont-size:35px;\n}\n.av-special-heading.av-7ocij-05828a6c5fdb88d9de118fa15a630264 .av-subheading{\nfont-size:15px;\n}\n\n@media only screen and (min-width: 480px) and (max-width: 767px){ \n#top #wrap_all .av-special-heading.av-7ocij-05828a6c5fdb88d9de118fa15a630264 .av-special-heading-tag{\nfont-size:0.8em;\n}\n}\n\n@media only screen and (max-width: 479px){ \n#top #wrap_all .av-special-heading.av-7ocij-05828a6c5fdb88d9de118fa15a630264 .av-special-heading-tag{\nfont-size:0.8em;\n}\n}\n<\/style>\n<div  class='av-special-heading av-7ocij-05828a6c5fdb88d9de118fa15a630264 av-special-heading-h1 blockquote modern-quote modern-centered  avia-builder-el-2  el_before_av_textblock  avia-builder-el-first  av-thin-font av-inherit-size'><h1 class='av-special-heading-tag '  itemprop=\"headline\"  ><strong>ALPES PRESTIGE<\/strong>: Cross Border Financial Expertise<\/h1><div class=\"special-heading-border\"><div class=\"special-heading-inner-border\"><\/div><\/div><\/div><br \/>\n<section  class='av_textblock_section av-8z78r-226e031d9da9f52f5b5f6aec562ece6d '   itemscope=\"itemscope\" itemtype=\"https:\/\/schema.org\/CreativeWork\" ><div class='avia_textblock'  itemprop=\"text\" ><p><strong> Alpes Prestige is registered with<\/strong><br \/>\nL&#8217;Association Nationales des Conseils Financiers &#8211; CIF (ANACOFI-CIF) which is authorised by the Autorit\u00e9 des March\u00e9s Financiers (AMF)<\/p>\n<p>CIF (ANACOFI- CIF) Postal address:<br \/>\n17 Place de la Bourse<br \/>\n75082 PARIS Cedex 02<\/p>\n<p>Website: <strong><a title=\"AMF France\" href=\"http:\/\/www.amf-france.org\/en_US\/?langSwitch=true\" target=\"_blank\" rel=\"noopener\">www.amf-finance.org<\/a><\/strong><\/p>\n<p>Alpes Prestige is also a registered mortgage broker under the classifciation\u00a0; Courtier en Op\u00e9ration de Banque et en Service de Paiement, and also as an insurance broker under\u00a0; Courtier en assurance aupr\u00e8s de l&#8217;ORIAS.<\/p>\n<p>The above permissions, given by ORIAS fall under the control of l&#8217;Autorit\u00e9 de Contr\u00f4le Prudentiel et de R\u00e9solution (ACPR).<\/p>\n<p>ACPR Postal address:<br \/>\n61 Rue Taitbout<br \/>\n75436 PARIS Cedex 09<\/p>\n<p>Website\u00a0: <strong><a title=\"ACPR Banque\" href=\"http:\/\/acpr.banque-france.fr\/en\/home.html\" target=\"_blank\" rel=\"noopener\">www.acpr.banque-france.fr<\/a><\/strong><\/p>\n<p>The permissions and subscriptions confirm that we are fully regulated and we ensure ongoing compliance through the regulation revalidation process each year. In addition to the mandatory compliance obligations we ensure that our client\u2019s best interest are at the core of our business and we work with responsibility, respect and integrity.<\/p>\n<p>In the event of a complaint please follow the process below directly with Alpes Prestige (<strong><a title=\"Downloading the document\" href=\"https:\/\/www.alpesprestige.com\/wp-content\/uploads\/2021\/01\/Traitement-des-re\u0301clamations-2021.pdf\" target=\"_blank\" rel=\"noopener\">click here for downloading the document<\/a><\/strong>)<\/p>\n<p>N\u00b0 ORIAS: 07022915 (<strong><a href=\"https:\/\/www.alpesprestige.com\/wp-content\/uploads\/2025\/07\/DER-2025-v2.pdf\" target=\"_blank\" rel=\"noopener\">click for downloading DER \/ legal information summary<\/a><\/strong>)<\/p>\n<p><strong>Responsability<\/strong><br \/>\nAlpes prestige SARL (LTD)<br \/>\nN\u00b0 SIRET :\u00a0 488 930 496 00028<br \/>\nRegistre du Commerce et des Soci\u00e9t\u00e9s de Chamb\u00e9ry<br \/>\nN\u00b0 de TVA intracommunautaire : FR83488930496<\/p>\n<p><strong>Address<\/strong><br \/>\nHead office (registered office): 83 Rue Chevalier Merme &#8211; 73600 SALINS LES THERMES (FRANCE)<\/p>\n<p><strong>Contact<\/strong><br \/>\n+334 79 22 53 29<\/p>\n<p><strong>Autorisations l\u00e9gales<br \/>\n<\/strong>Alpes Prestige agrees to uphold conditions of professional honour, respectability and competence which are validated on a yearly basis.<\/p>\n<p>The approvals received ensure better protection for investors as the company ALPES PRESTIGE is fully registered and approved by ANACOFI CIF Association representing the AMF (Financial Markets Authority) as a Conseiller en Investissement Financier &#8211; CIF (IFA financial investment adviser).<\/p>\n<p>Also registered as an IOBSP intermediary of (intermediary in banking operations and payment services \/ Mortgage broker) and also as an insurance broker accorded by ORIAS.<\/p>\n<p>Alpes Prestige\u2019s activities are covered by a full professional liability insurance for intermediaries and its activities from QBE Insurance. This insurance covers, among others, activities related to ORIAS insurance mediation, banking transactions and payment services mediation, consulting activities in financial investment, but also the selling of banking and financial services and those related to the exercising the appropriate legal competence.<\/p>\n<p>The company Alpes Prestige is also a member of various professional associations such as the ANACOFI (Independent Wealth Manager Association), the ANACOFI IOBSP (Mortgage Broker Associaition) the ANACOFI-CIF (IFA Association), the APIC (Mortgage Broker Association), the AIDIMM (development of Islamic finance Association in Europe) and SAVOIE ANGELS (Business Angels Association).<\/p>\n<p>The membership of these associations enables us to stay up to date with the latest news, share information and to maintain a high level of professionalism in the economic and financial field.<\/p>\n<p><strong>Copyright<\/strong><br \/>\nThis entire website is covered by French and international legislation on copyright and intellectual property. All rights are reserved, including downloadable documents and iconographic and photographic representations. Reproduction of all or part of this site on any electronic medium is strictly prohibited without the express permission of Alpes Prestige SARL, whom you can contact at this email address: <strong><a href=\"mailto:contact@alpesprestige.com\">contact@alpesprestige.com<\/a><\/strong><\/p>\n<p><strong>Hosting<\/strong><\/p>\n<div>IONOS\u00a0SARL \u00a0\u00a0\u00a0\u00a0\u00a0\u00a0\u00a0\u00a0\u00a0\u00a0\u00a0\u00a0\u00a0\u00a0\u00a0\u00a0\u00a0\u00a0\u00a0\u00a0\u00a0\u00a0\u00a0\u00a0\u00a0\u00a0\u00a0\u00a0\u00a0\u00a0\u00a0\u00a0\u00a0\u00a0\u00a0\u00a0\u00a0\u00a0\u00a0\u00a0\u00a0\u00a0<wbr \/><br \/>\n7, place de la Gare \u00a0\u00a0\u00a0\u00a0\u00a0\u00a0\u00a0\u00a0\u00a0\u00a0\u00a0\u00a0\u00a0\u00a0\u00a0\u00a0\u00a0\u00a0\u00a0\u00a0\u00a0\u00a0\u00a0\u00a0\u00a0\u00a0\u00a0\u00a0\u00a0\u00a0<wbr \/>\u00a0\u00a0\u00a0\u00a0\u00a0\u00a0\u00a0\u00a0\u00a0\u00a0\u00a0\u00a0\u00a0\u00a0\u00a0\u00a0\u00a0\u00a0\u00a0\u00a0\u00a0\u00a0\u00a0\u00a0\u00a0\u00a0\u00a0\u00a0\u00a0\u00a0<wbr \/><br \/>\nBP 70109 \u00a0\u00a0\u00a0\u00a0\u00a0\u00a0\u00a0\u00a0\u00a0\u00a0\u00a0\u00a0\u00a0\u00a0\u00a0\u00a0\u00a0\u00a0\u00a0\u00a0\u00a0\u00a0\u00a0\u00a0\u00a0\u00a0\u00a0\u00a0\u00a0\u00a0<wbr \/>\u00a0\u00a0\u00a0\u00a0\u00a0\u00a0\u00a0\u00a0\u00a0\u00a0\u00a0\u00a0\u00a0\u00a0\u00a0\u00a0\u00a0\u00a0\u00a0\u00a0\u00a0\u00a0\u00a0\u00a0\u00a0\u00a0\u00a0\u00a0\u00a0\u00a0<wbr \/><br \/>\n57200 Sarreguemines Cedex<br \/>\nFrance<\/div>\n<div><a href=\"tel:+33970808911\" target=\"_blank\" rel=\"noopener\">+33 970 808 911<\/a><\/div>\n<p><strong>Cookies<\/strong><br \/>\nFor technological reasons, cookies may be used by this website for the purpose of measuring the traffic on the site. You can refuse the cookie or delete it without this having any influence on your navigation within the site.<\/p>\n<p><strong>Photo credits<\/strong><br \/>\n\u00a9 Alpes Prestige &#8211; \u00a9 Olive White &#8211; \u00a9 Mario Colonel<\/p>\n<p><strong>Website creation<br \/>\n<\/strong><a title=\"Cr\u00e9ation de site internet\" href=\"http:\/\/www.rapheo-web.fr\" target=\"_blank\" rel=\"noopener\">Webmaster Rapheo Web<\/a><\/p>\n<\/div><\/section><\/p><\/div>\n","protected":false},"excerpt":{"rendered":"","protected":false},"author":1,"featured_media":0,"parent":0,"menu_order":0,"comment_status":"closed","ping_status":"closed","template":"","meta":{"footnotes":""},"class_list":["post-275","page","type-page","status-publish","hentry"],"_links":{"self":[{"href":"https:\/\/www.alpesprestige.com\/en\/wp-json\/wp\/v2\/pages\/275","targetHints":{"allow":["GET"]}}],"collection":[{"href":"https:\/\/www.alpesprestige.com\/en\/wp-json\/wp\/v2\/pages"}],"about":[{"href":"https:\/\/www.alpesprestige.com\/en\/wp-json\/wp\/v2\/types\/page"}],"author":[{"embeddable":true,"href":"https:\/\/www.alpesprestige.com\/en\/wp-json\/wp\/v2\/users\/1"}],"replies":[{"embeddable":true,"href":"https:\/\/www.alpesprestige.com\/en\/wp-json\/wp\/v2\/comments?post=275"}],"version-history":[{"count":20,"href":"https:\/\/www.alpesprestige.com\/en\/wp-json\/wp\/v2\/pages\/275\/revisions"}],"predecessor-version":[{"id":517,"href":"https:\/\/www.alpesprestige.com\/en\/wp-json\/wp\/v2\/pages\/275\/revisions\/517"}],"wp:attachment":[{"href":"https:\/\/www.alpesprestige.com\/en\/wp-json\/wp\/v2\/media?parent=275"}],"curies":[{"name":"wp","href":"https:\/\/api.w.org\/{rel}","templated":true}]}}